{"id":4908,"date":"2019-04-03T18:17:24","date_gmt":"2019-04-04T01:17:24","guid":{"rendered":"https:\/\/companionpaws.ca\/fr\/?page_id=4908"},"modified":"2021-02-24T15:46:02","modified_gmt":"2021-02-24T23:46:02","slug":"difference-between-a-therapy-dog-and-service-dog-2","status":"publish","type":"page","link":"https:\/\/companionpaws.ca\/fr\/difference-between-a-therapy-dog-and-service-dog-2\/","title":{"rendered":"Difference Between a Therapy Dog and Service Dog"},"content":{"rendered":"<p>&nbsp;<\/p>\n<p><strong>Diff\u00e9rence entre un chien de th\u00e9rapie et un chien d&#8217;assistance<\/strong><\/p>\n<p>Les chiens Companion Paws ne sont pas des chiens d&#8217;assistance ou de guide. Les chiens CPC sont d\u00e9sign\u00e9s chiens de th\u00e9rapie. Les animaux de compagnie de th\u00e9rapie sont diff\u00e9rents des chiens d&#8217;assistance et des chiens-guides. Les chiens de th\u00e9rapie NE partagent PAS les m\u00eames droits d&#8217;acc\u00e8s public accord\u00e9s aux animaux d&#8217;assistance et peuvent se voir refuser l&#8217;acc\u00e8s aux lieux publics. Les animaux de compagnie Companion Paws Canada n&#8217;ont pas de privil\u00e8ges sp\u00e9ciaux autres que ceux accord\u00e9s \u00e0 tout autre animal de compagnie dans les lieux publics, dans les transports en commun ou dans les immeubles priv\u00e9s tels que les immeubles \u00e0 appartements o\u00f9 la garde d&#8217;animaux de compagnie est restreinte ou interdite.<\/p>\n<p>Nous ne formons ni ne travaillons avec les chiens d&#8217;assistance. Les chiens d&#8217;assistance et les chiens de th\u00e9rapie sont deux formes de chiens hautement qualifi\u00e9s qui travaillent pour am\u00e9liorer la vie des gens. Bien que les deux types de ces chiens aient un impact incroyable sur la vie de leurs humains, leurs r\u00f4les sont tr\u00e8s diff\u00e9rents. Un chien d&#8217;assistance est un chien d&#8217;assistance ou un chien-guide sp\u00e9cialement dress\u00e9 pour aider une personne handicap\u00e9e. Les chiens d&#8217;assistance ne travaillent qu&#8217;avec un seul propri\u00e9taire \/ ma\u00eetre. Ils sont form\u00e9s aux comportements canins inhabituels pour les besoins sp\u00e9cifiques de la personne.<\/p>\n<p>Dans un proche avenir, Companion Paws de TLC travaillera avec les compagnies a\u00e9riennes du Canada, tout en travaillant \u00e9galement pour que nos chiens de th\u00e9rapie personnelle Companion Paws soient reconnus par les r\u00e8glements d\u2019acc\u00e8s public et la Loi sur le logement.<\/p>\n","protected":false},"excerpt":{"rendered":"<p>&nbsp; Diff\u00e9rence entre un chien de th\u00e9rapie et un chien [&hellip;]<\/p>\n","protected":false},"author":3,"featured_media":0,"parent":0,"menu_order":0,"comment_status":"closed","ping_status":"closed","template":"","meta":{"footnotes":"","_links_to":"","_links_to_target":""},"_links":{"self":[{"href":"https:\/\/companionpaws.ca\/fr\/wp-json\/wp\/v2\/pages\/4908"}],"collection":[{"href":"https:\/\/companionpaws.ca\/fr\/wp-json\/wp\/v2\/pages"}],"about":[{"href":"https:\/\/companionpaws.ca\/fr\/wp-json\/wp\/v2\/types\/page"}],"author":[{"embeddable":true,"href":"https:\/\/companionpaws.ca\/fr\/wp-json\/wp\/v2\/users\/3"}],"replies":[{"embeddable":true,"href":"https:\/\/companionpaws.ca\/fr\/wp-json\/wp\/v2\/comments?post=4908"}],"version-history":[{"count":4,"href":"https:\/\/companionpaws.ca\/fr\/wp-json\/wp\/v2\/pages\/4908\/revisions"}],"predecessor-version":[{"id":5045,"href":"https:\/\/companionpaws.ca\/fr\/wp-json\/wp\/v2\/pages\/4908\/revisions\/5045"}],"wp:attachment":[{"href":"https:\/\/companionpaws.ca\/fr\/wp-json\/wp\/v2\/media?parent=4908"}],"curies":[{"name":"wp","href":"https:\/\/api.w.org\/{rel}","templated":true}]}}