{"id":4673,"date":"2019-03-21T01:49:44","date_gmt":"2019-03-21T01:49:44","guid":{"rendered":"https:\/\/companionpaws.ca\/fr\/?page_id=4673"},"modified":"2021-02-24T15:13:26","modified_gmt":"2021-02-24T23:13:26","slug":"login","status":"publish","type":"page","link":"https:\/\/companionpaws.ca\/fr\/login\/","title":{"rendered":"Login"},"content":{"rendered":"<p>Membres certifi\u00e9s et clients d\u2019adoption, veuillez cliquer sur le lien suivant<strong> <a href=\"https:\/\/thelifelinecanadafoundation.z2systems.com\/np\/clients\/thelifelinecanadafoundation\/login.jsp\" target=\"_blank\" rel=\"noopener noreferrer\">Membres<\/a> <\/strong>pour vous connecter \u00e0 votre espace r\u00e9serv\u00e9 aux membres.<\/p>\n","protected":false},"excerpt":{"rendered":"<p>Membres certifi\u00e9s et clients d\u2019adoption, veuillez cliquer sur le lien [&hellip;]<\/p>\n","protected":false},"author":3,"featured_media":0,"parent":0,"menu_order":0,"comment_status":"closed","ping_status":"closed","template":"","meta":{"footnotes":"","_links_to":"","_links_to_target":""},"_links":{"self":[{"href":"https:\/\/companionpaws.ca\/fr\/wp-json\/wp\/v2\/pages\/4673"}],"collection":[{"href":"https:\/\/companionpaws.ca\/fr\/wp-json\/wp\/v2\/pages"}],"about":[{"href":"https:\/\/companionpaws.ca\/fr\/wp-json\/wp\/v2\/types\/page"}],"author":[{"embeddable":true,"href":"https:\/\/companionpaws.ca\/fr\/wp-json\/wp\/v2\/users\/3"}],"replies":[{"embeddable":true,"href":"https:\/\/companionpaws.ca\/fr\/wp-json\/wp\/v2\/comments?post=4673"}],"version-history":[{"count":7,"href":"https:\/\/companionpaws.ca\/fr\/wp-json\/wp\/v2\/pages\/4673\/revisions"}],"predecessor-version":[{"id":5037,"href":"https:\/\/companionpaws.ca\/fr\/wp-json\/wp\/v2\/pages\/4673\/revisions\/5037"}],"wp:attachment":[{"href":"https:\/\/companionpaws.ca\/fr\/wp-json\/wp\/v2\/media?parent=4673"}],"curies":[{"name":"wp","href":"https:\/\/api.w.org\/{rel}","templated":true}]}}