{"id":4200,"date":"2018-09-17T22:33:29","date_gmt":"2018-09-18T05:33:29","guid":{"rendered":"https:\/\/thelifelinecanada.ca\/?page_id=4200"},"modified":"2023-05-10T10:44:30","modified_gmt":"2023-05-10T17:44:30","slug":"temperament-assessment-request-form","status":"publish","type":"page","link":"https:\/\/companionpaws.ca\/fr\/temperament-assessment-request-form\/","title":{"rendered":"First Temperament Assessment"},"content":{"rendered":"<h3><strong>Premi\u00e8re \u00e9valuation du temp\u00e9rament<\/strong><\/h3>\n<p><strong>Veuillez ne pas remplir le formulaire ci-dessous sans lire les deux paragraphes suivants.<\/strong><\/p>\n<p>Si vous avez lu attentivement la page du programme <a href=\"https:\/\/companionpaws.ca\/fr\/companion-paws-canada\/certifyyourowndog\/\" target=\"_blank\" rel=\"noopener noreferrer\"><strong>Certifiez Votre Propre Chien<\/strong><\/a> et que vous estimez que ce programme est le bon pour vous et que votre chien respecte nos directives, veuillez remplir le formulaire ci-dessous et effectuer le paiement pour vous inscrire \u00e0 l\u2019\u00e9valuation du temp\u00e9rament de TLC Companion Paws. Nous ferons de notre mieux pour vous jumeler avec un \u00e9valuateur dans votre r\u00e9gion pour planifier la premi\u00e8re \u00e9valuation du temp\u00e9rament. Les emplacements de la date d&#8217;\u00e9valuation finale sont fix\u00e9s. Si vous habitez tr\u00e8s loin d&#8217;un lieu d&#8217;\u00e9valuation finale, veuillez nous le faire savoir pour voir les options disponibles.<\/p>\n<p>Une fois que vous aurez soumis le formulaire d&#8217;\u00e9valuation du premier temp\u00e9rament ci-dessous, vous serez dirig\u00e9 vers la page de paiement pour compl\u00e9ter votre demande. Le paiement est de <strong>55$<\/strong> et peut \u00eatre effectu\u00e9 par carte de cr\u00e9dit, virement \u00e9lectronique et Paypal. Les d\u00e9tails du virement \u00e9lectronique se trouvent sur la page de paiement o\u00f9 vous serez redirig\u00e9 apr\u00e8s avoir cliqu\u00e9 sur Soumettre. Si un \u00e9valuateur local n&#8217;est pas disponible dans votre r\u00e9gion et que vous ne pouvez pas vous rendre \u00e0 votre \u00e9valuateur le plus proche, nous vous rembourserons \u00e0 100%. Nous ne pouvons pas terminer votre inscription pour planifier votre \u00e9valuation de temp\u00e9rament si l\u2019\u00e2ge minimum de <strong>1,5 an<\/strong> n\u2019est pas respect\u00e9 ou si le paiement n\u2019a pas \u00e9t\u00e9 effectu\u00e9.<\/p>\n<p>Veuillez cliquer sur le lien suivant pour remplir le formulaire d&#8217;\u00e9valuation du premier temp\u00e9rament <strong><a href=\"https:\/\/companionpaws.ca\/first-temperament-assessment-request-form\/\" target=\"_blank\" rel=\"noopener\">https:\/\/companionpaws.ca\/first-temperament-assessment-request-form\/\u00a0<\/a><\/strong><\/p>\n","protected":false},"excerpt":{"rendered":"<p>Premi\u00e8re \u00e9valuation du temp\u00e9rament Veuillez ne pas remplir le formulaire [&hellip;]<\/p>\n","protected":false},"author":3,"featured_media":0,"parent":0,"menu_order":0,"comment_status":"closed","ping_status":"closed","template":"","meta":{"footnotes":"","_links_to":"","_links_to_target":""},"_links":{"self":[{"href":"https:\/\/companionpaws.ca\/fr\/wp-json\/wp\/v2\/pages\/4200"}],"collection":[{"href":"https:\/\/companionpaws.ca\/fr\/wp-json\/wp\/v2\/pages"}],"about":[{"href":"https:\/\/companionpaws.ca\/fr\/wp-json\/wp\/v2\/types\/page"}],"author":[{"embeddable":true,"href":"https:\/\/companionpaws.ca\/fr\/wp-json\/wp\/v2\/users\/3"}],"replies":[{"embeddable":true,"href":"https:\/\/companionpaws.ca\/fr\/wp-json\/wp\/v2\/comments?post=4200"}],"version-history":[{"count":13,"href":"https:\/\/companionpaws.ca\/fr\/wp-json\/wp\/v2\/pages\/4200\/revisions"}],"predecessor-version":[{"id":5200,"href":"https:\/\/companionpaws.ca\/fr\/wp-json\/wp\/v2\/pages\/4200\/revisions\/5200"}],"wp:attachment":[{"href":"https:\/\/companionpaws.ca\/fr\/wp-json\/wp\/v2\/media?parent=4200"}],"curies":[{"name":"wp","href":"https:\/\/api.w.org\/{rel}","templated":true}]}}