{"id":3556,"date":"2017-09-27T16:14:06","date_gmt":"2017-09-27T23:14:06","guid":{"rendered":"https:\/\/thelifelinecanada.ca\/?page_id=3556"},"modified":"2023-02-17T07:30:01","modified_gmt":"2023-02-17T15:30:01","slug":"companion-paws-canada","status":"publish","type":"page","link":"https:\/\/companionpaws.ca\/fr\/","title":{"rendered":"Pattes D\u2019Accompagnement"},"content":{"rendered":"\n<p>\n\n<\/p>\n<p>Pattes D\u2019Accompagnement se consacre \u00e0 aider les Canadiens dans le besoin tout en offrant une deuxi\u00e8me chance aux animaux de compagnie sauv\u00e9s gr\u00e2ce au programme d\u2019adoption de chien de th\u00e9rapie personnelle Pattes D\u2019Accompagnement. Pattes D\u2019Accompagnement propose \u00e9galement un programme.<\/p>\n<p>Une fois les chiens certifi\u00e9s, ces animaux peuvent occuper divers postes importants, notamment le soutien \u00e9motionnel personnel, la th\u00e9rapie assist\u00e9e et la th\u00e9rapie de visite. Pour les d\u00e9signations assist\u00e9es et en visite, il s&#8217;agit d&#8217;une formidable occasion de partager l&#8217;amour de votre chien avec une personne dans le besoin.<\/p>\n<p>De nombreuses \u00e9tudes m\u00e9dicales ont confirment ce que nous reconnaissons par exp\u00e9rience, passer du temps avec un animal affectueux nous permet de nous ressentir mieux. En fait, le contact avec un animal compatissant peut b\u00e9n\u00e9ficier davantage la sant\u00e9 mentale et physique, ainsi que r\u00e9duire le stress, la d\u00e9pression et l&#8217;anxi\u00e9t\u00e9. Un animal de compagnie peut am\u00e9liorer la qualit\u00e9 de vie humaine.<\/p>\n<p>Les chiens de th\u00e9rapie sont de toutes les tailles et de toutes les races. L\u2019atout le plus importante d&#8217;un chien de th\u00e9rapie est son temp\u00e9rament. Un bon chien de th\u00e9rapie est amical, patient, confiant, doux et \u00e0 l&#8217;aise dans toutes les situations.<\/p>\n<p>LifeLine Canada offre trois programmes de certification des Pattes D\u2019Accompagnement ainsi que des visites avec des \u00e9quipes de chiens de th\u00e9rapie certifi\u00e9es. Veuillez lire attentivement tous les documents avant de remplir une demande afin que nous puissions vous proposer le programme qui vous convient le mieux.<\/p>\n<p><strong>Veuillez noter que les chiens CPC sont des chiens de th\u00e9rapie d\u00e9sign\u00e9s et ne seront pas certifi\u00e9s comme chiens d&#8217;assistance. Pour plus d&#8217;informations sur la diff\u00e9rence entre la th\u00e9rapie, le service et les chiens guides,&nbsp;<\/strong><strong><a href=\"difference-between-a-therapy-dog-and-service-dog\/\" target=\"_blank\" rel=\"noopener noreferrer\">cliquez ici.<\/a><\/strong><\/p>\n<ol>\n<li><strong><a href=\"therapy-dog-adoption\/\" target=\"_blank\" rel=\"noopener noreferrer\">Programme d&#8217;adoption de chiens de th\u00e9rapie personnelle<\/a><\/strong><\/li>\n<li><strong><a href=\"assisted-therapy-dog-adoption\/\" target=\"_blank\" rel=\"noopener noreferrer\">Programme d&#8217;adoption de chiens assist\u00e9s par th\u00e9rapie<\/a><\/strong><\/li>\n<li><strong><a href=\"companion-paws-canada\/certifyyourowndog\/\" target=\"_blank\" rel=\"noopener noreferrer\">Certifiez votre propre programme de chien d<\/a><a href=\"companion-paws-canada\/certifyyourowndog\/\" target=\"_blank\" rel=\"noopener noreferrer\">e th\u00e9rapie<\/a><\/strong><\/li>\n<\/ol>\n<p>Gr\u00e2ce \u00e0 notre processus du programme Pattes D\u2019Accompagnement nous \u00e9valuons et testons 3 types de chiens de th\u00e9rapie assist\u00e9e par animal;<\/p>\n<p><strong>Chien de th\u00e9rapie personnelle (premier programme du genre au Canada):<\/strong> Un chien de th\u00e9rapie personnelle (chien de soutien \u00e9motionnel Companion Paws) est un chien dress\u00e9, test\u00e9, \u00e9valu\u00e9 et certifi\u00e9 pour le temp\u00e9rament qui procure des b\u00e9n\u00e9fices aux propri\u00e9taires et aux gestionnaires qui souffrent de probl\u00e8mes de sant\u00e9 mentale.<\/p>\n<p><strong>Chien de th\u00e9rapie assist\u00e9e:<\/strong> Des chiens de th\u00e9rapie assist\u00e9e rejoignent leur ma\u00eetre \/ propri\u00e9taire (g\u00e9n\u00e9ralement des \u00e9ducateurs, des enseignants, des psychologues, des conseillers et des m\u00e9decins) sur leur lieu de travail pour aider leurs \u00e9tudiants, leurs clients, leurs clients et \/ ou leurs patients.<\/p>\n<p><strong>Chien en th\u00e9rapie de visite:<\/strong> En r\u00e8gle g\u00e9n\u00e9rale, les chiens en th\u00e9rapie de visite se rendent dans des h\u00f4pitaux, des \u00e9coles, des hospices, des maisons de retraite et plus encore. Contrairement aux chiens d&#8217;assistance, les chiens de th\u00e9rapie sont encourag\u00e9s \u00e0 interagir avec une vari\u00e9t\u00e9 de personnes pendant leur service, y compris en le caressant.<\/p>\n<p><strong>Adoption de chiens de th\u00e9rapie Personnelle&nbsp;<\/strong><\/p>\n<p>A l\u2019heure actuelle, c&#8217;est tr\u00e8s dynamique, ici \u00e0 TLC. Nous avons r\u00e9pandu notre programme d&#8217;adoption de \u00ab&nbsp;Companion Paws&nbsp;\u00bb \u00e0 travers le pays. Notre programme est le premier du genre pour les chiens de th\u00e9rapie personnelle (chiens de soutien \u00e9motionnel) et les Canadiens dans le besoin. Si vous souhaitez en savoir plus sur notre programme de chien de th\u00e9rapie personnel \u00ab&nbsp;Companion Paws&nbsp;\u00bb, veuillez cliquer sur le lien suivant Adoption de <a href=\"therapy-dog-adoption\/\" target=\"_blank\" rel=\"noopener noreferrer\"><strong><u>chien de th\u00e9rapie<\/u><\/strong> <\/a>personnelle pour vous guider \u00e0 la page Adoption afin d&#8217;obtenir les d\u00e9tails complets du processus du programme, les exigences et la proc\u00e9dure de candidature.<\/p>\n<p><strong>Adoption de chien de th\u00e9rapie Assist\u00e9e&nbsp;<\/strong><\/p>\n<p>Nous avons r\u00e9pandu notre programme d\u2019adoption de \u00ab&nbsp;Companion Paws&nbsp;\u00bb pour l\u2019assistance th\u00e9rapeutique \u00e0 travers le pays. Notre programme est le premier du genre en th\u00e9rapie assist\u00e9e. Si vous souhaitez en savoir plus sur notre programme d&#8217;assistance pour chiens \u00e0 th\u00e9rapie assist\u00e9e par \u00ab&nbsp;Companion Paws&nbsp;\u00bb, veuillez cliquer sur le lien suivant <a href=\"assisted-therapy-dog-adoption\/\" target=\"_blank\" rel=\"noopener noreferrer\"><strong><u>Adoption de chiens d&#8217;assistance \u00e0 th\u00e9rapie<\/u><\/strong><\/a> pour vous rendre \u00e0 la page Adoption afin d&#8217;obtenir les d\u00e9tails complets du processus du programme, les exigences et la proc\u00e9dure \u00e0 suivre.<\/p>\n<p><strong>Certifierz votre propre chien Chien de th\u00e9rapie <\/strong><\/p>\n<p>La certification de votre animal de compagnie personnel en tant que chien de th\u00e9rapie de \u00ab&nbsp;Companion Paws&nbsp;\u00bb est disponible dans le cadre du programme CPC pour la th\u00e9rapie personnelle, la th\u00e9rapie assist\u00e9e et la th\u00e9rapie de s\u00e9jour.<\/p>\n<p>Si vous avez votre propre chien tr\u00e8s bien entra\u00een\u00e9 et que vous souhaitez qu&#8217;il devienne un chien compagnon pour une th\u00e9rapie personnelle, assist\u00e9e ou en visite, veuillez cliquer sur le lien suivant <a href=\"companion-paws-canada\/certifyyourowndog\/\" target=\"_blank\" rel=\"noopener noreferrer\"><strong><u>Certifiez votre propre chien<\/u><\/strong><\/a> pour plus d&#8217;informations sur le processus complet du programme, les exigences et comment s&#8217;inscrire au programme.<\/p>\n<p><strong>Chien de visite, en visite, Demande de visites<\/strong><\/p>\n<p>Pour demander une visite \u00e0 une ou plusieurs de nos \u00e9quipes de chiens de th\u00e9rapie certifi\u00e9s, veuillez compl\u00e9ter le formulaire de demande de visite sur le lien suivant <a href=\"visiting-therapy-dog-request-form\/\" target=\"_blank\" rel=\"noopener noreferrer\"><strong><u>Formulaire de demande de visite<\/u><\/strong><\/a><\/p>\n<p>\n\n<\/p>\n<p>&nbsp;<\/p>\n","protected":false},"excerpt":{"rendered":"","protected":false},"author":3,"featured_media":0,"parent":0,"menu_order":0,"comment_status":"closed","ping_status":"closed","template":"","meta":{"footnotes":"","_links_to":"","_links_to_target":""},"_links":{"self":[{"href":"https:\/\/companionpaws.ca\/fr\/wp-json\/wp\/v2\/pages\/3556"}],"collection":[{"href":"https:\/\/companionpaws.ca\/fr\/wp-json\/wp\/v2\/pages"}],"about":[{"href":"https:\/\/companionpaws.ca\/fr\/wp-json\/wp\/v2\/types\/page"}],"author":[{"embeddable":true,"href":"https:\/\/companionpaws.ca\/fr\/wp-json\/wp\/v2\/users\/3"}],"replies":[{"embeddable":true,"href":"https:\/\/companionpaws.ca\/fr\/wp-json\/wp\/v2\/comments?post=3556"}],"version-history":[{"count":59,"href":"https:\/\/companionpaws.ca\/fr\/wp-json\/wp\/v2\/pages\/3556\/revisions"}],"predecessor-version":[{"id":5162,"href":"https:\/\/companionpaws.ca\/fr\/wp-json\/wp\/v2\/pages\/3556\/revisions\/5162"}],"wp:attachment":[{"href":"https:\/\/companionpaws.ca\/fr\/wp-json\/wp\/v2\/media?parent=3556"}],"curies":[{"name":"wp","href":"https:\/\/api.w.org\/{rel}","templated":true}]}}