{"id":3276,"date":"2016-09-19T22:12:54","date_gmt":"2016-09-19T22:12:54","guid":{"rendered":"http:\/\/thelifelinecanada.ca\/?page_id=195"},"modified":"2019-04-05T13:58:02","modified_gmt":"2019-04-05T20:58:02","slug":"contribute","status":"publish","type":"page","link":"https:\/\/companionpaws.ca\/fr\/contribute\/","title":{"rendered":"Faire une Contribution"},"content":{"rendered":"<h3><strong>Faire une Contribution<\/strong><\/h3>\n<p>La mission de la Fondation LifeLine Canada est d\u2019ouvrir les esprits, de sauver des vies et de redonner espoir. Que ce soit par le biais des informations fournies sur le site Web de TLC, par l\u2019application LifeLine ou par l\u2019une de nos initiatives telles que Companion Paws Canada, nous recherchons constamment des moyens de r\u00e9duire le taux de suicide et de minimiser les cons\u00e9quences d\u2019un comportement suicidaire. Un cadeau \u00e0 La Fondation LifeLine Canada contribue \u00e0 financer notre mission qui consiste \u00e0 sauver des vies et \u00e0 redonner espoir aux personnes touch\u00e9es par le suicide, la d\u00e9pression, l\u2019anxi\u00e9t\u00e9 et le SSPT. Si vous avez des questions sur votre cadeau ou sur d\u2019autres fa\u00e7ons de contribuer, n\u2019h\u00e9sitez pas \u00e0 <a href=\"http:\/\/companionpaws.ca\/fr\/contact-us\/\">nous contacter<\/a>.<\/p>\n<p>Merci beaucoup d&#8217;avoir envisag\u00e9 de faire un don \u00e0 la Fondation LifeLine Canada. Cette fondation est financ\u00e9e \u00e0 100% par la lev\u00e9e de fonds que nous r\u00e9alisons et par la g\u00e9n\u00e9rosit\u00e9 des personnes qui choisissent de contribuer, comme vous.<\/p>\n<form action=\"https:\/\/www.paypal.com\/cgi-bin\/webscr\" method=\"post\" target=\"_top\"><input name=\"cmd\" type=\"hidden\" value=\"_s-xclick\" \/><br \/>\n<input name=\"hosted_button_id\" type=\"hidden\" value=\"YL4SKQN4T5ZXE\" \/><br \/>\n<input title=\"PayPal - The safer, easier way to pay online!\" alt=\"Donate with PayPal button\" name=\"submit\" src=\"https:\/\/www.paypalobjects.com\/en_US\/i\/btn\/btn_donateCC_LG.gif\" type=\"image\" \/><br \/>\n<img decoding=\"async\" loading=\"lazy\" src=\"https:\/\/www.paypal.com\/en_CA\/i\/scr\/pixel.gif\" alt=\"\" width=\"1\" height=\"1\" border=\"0\" \/><\/form>\n<p>&nbsp;<\/p>\n<p>&nbsp;<\/p>\n","protected":false},"excerpt":{"rendered":"<p>Faire une Contribution La mission de la Fondation LifeLine Canada [&hellip;]<\/p>\n","protected":false},"author":3,"featured_media":0,"parent":0,"menu_order":0,"comment_status":"closed","ping_status":"closed","template":"","meta":{"footnotes":"","_links_to":"","_links_to_target":""},"_links":{"self":[{"href":"https:\/\/companionpaws.ca\/fr\/wp-json\/wp\/v2\/pages\/3276"}],"collection":[{"href":"https:\/\/companionpaws.ca\/fr\/wp-json\/wp\/v2\/pages"}],"about":[{"href":"https:\/\/companionpaws.ca\/fr\/wp-json\/wp\/v2\/types\/page"}],"author":[{"embeddable":true,"href":"https:\/\/companionpaws.ca\/fr\/wp-json\/wp\/v2\/users\/3"}],"replies":[{"embeddable":true,"href":"https:\/\/companionpaws.ca\/fr\/wp-json\/wp\/v2\/comments?post=3276"}],"version-history":[{"count":7,"href":"https:\/\/companionpaws.ca\/fr\/wp-json\/wp\/v2\/pages\/3276\/revisions"}],"predecessor-version":[{"id":4950,"href":"https:\/\/companionpaws.ca\/fr\/wp-json\/wp\/v2\/pages\/3276\/revisions\/4950"}],"wp:attachment":[{"href":"https:\/\/companionpaws.ca\/fr\/wp-json\/wp\/v2\/media?parent=3276"}],"curies":[{"name":"wp","href":"https:\/\/api.w.org\/{rel}","templated":true}]}}