{"id":17,"date":"2016-09-19T21:34:02","date_gmt":"2016-09-20T04:34:02","guid":{"rendered":"http:\/\/thelifelinecanada.ca\/?page_id=17"},"modified":"2025-10-31T16:18:57","modified_gmt":"2025-10-31T23:18:57","slug":"therapy-dog-adoption","status":"publish","type":"page","link":"https:\/\/companionpaws.ca\/fr\/therapy-dog-adoption\/","title":{"rendered":"Personal Therapy Dog Adoption"},"content":{"rendered":"<p><strong>Programme d&#8217;adoption de chiens de th\u00e9rapie Personnelle<\/strong><\/p>\n<p>Pattes D&#8217;Accompagnement se consacre \u00e0 soutenir les Canadiens dans le besoin tout en offrant une seconde chance aux animaux de compagnie en les secourant, en les jumelant et en les entra\u00eenant avec ceux qui b\u00e9n\u00e9ficieraient d&#8217;un animal de th\u00e9rapie compagnon gr\u00e2ce au programme d&#8217;adoption de chiens de th\u00e9rapie personnelle Companion Paws de TLC.<\/p>\n<p>Nous travaillons avec des sauveteurs \u00e0 travers le Canada pour sauver des chiens et les jumeler avec leur nouveau propri\u00e9taire en fonction de la personnalit\u00e9 et du temp\u00e9rament de chaque individu. Chaque individu, humain ou canin subit une \u00e9valuation de l&#8217;apport avec notre personnel exp\u00e9riment\u00e9 afin que l&#8217;appariement le plus appropri\u00e9 puisse \u00eatre fait. Une fois le match effectu\u00e9, nous soutenons la nouvelle paire gr\u00e2ce \u00e0 des \u00e9valuations de formation et d&#8217;ob\u00e9issance. Le niveau de formation n\u00e9cessaire pour terminer le programme est fix\u00e9 par la Fondation de LifeLine Canada, tandis que les \u00e9valuations de temp\u00e9rament et les \u00e9valuations finales sont effectu\u00e9es par des formateurs et des comportementalistes tr\u00e8s exp\u00e9riment\u00e9s et professionnels. Une fois l&#8217;\u00e9valuation du chien de th\u00e9rapie termin\u00e9e et r\u00e9ussie, la nouvelle \u00e9quipe certifi\u00e9e recevra un gilet de chien de th\u00e9rapie Pattes d&#8217;Accompagnement, une carte d&#8217;identit\u00e9 et un certificat d&#8217;inscription.<\/p>\n<p><strong>Veuillez noter que les chiens Pattes D\u2019Accompagnement sont des chiens de th\u00e9rapie d\u00e9sign\u00e9s et ne sont pas certifi\u00e9s comme chiens d&#8217;assistance. Pour plus d&#8217;informations sur la diff\u00e9rence entre la th\u00e9rapie, le service et les chiens guides, <\/strong><strong><a href=\"https:\/\/companionpaws.ca\/fr\/difference-between-a-therapy-dog-and-service-dog\/\">cliquez ici.<\/a><\/strong><\/p>\n<p>Veuillez lire attentivement cette page sur le processus complet du programme avant de postuler.<\/p>\n<p>Pour voir ou compl\u00e9ter la demande, veuillez visiter le lien suivant: <a href=\"https:\/\/companionpaws.ca\/fr\/therapydogapplication\/\" target=\"_blank\" rel=\"noopener noreferrer\"><strong>Demande d&#8217;adoption d&#8217;un chien de th\u00e9rapie<\/strong><\/a><\/p>\n<p><strong>Chien de th\u00e9rapie personnelle (premier programme du genre au Canada):<\/strong>\u00a0Un chien de th\u00e9rapie personnelle (chien de soutien \u00e9motionnel Companion Paws) est un chien dress\u00e9, test\u00e9, \u00e9valu\u00e9 et certifi\u00e9 pour le temp\u00e9rament qui procure des b\u00e9n\u00e9fices aux propri\u00e9taires et aux gestionnaires qui souffrent de probl\u00e8mes de sant\u00e9 mentale.<\/p>\n<p><strong>Processus d&#8217;adoption d&#8217;un chien avec th\u00e9rapie assist\u00e9e par Pattes D\u2019Accompagnement<\/strong><\/p>\n<p>\u00c9tape 1 &#8211; Remplissez et soumettez la<a href=\"https:\/\/companionpaws.ca\/fr\/therapydogapplication\/\" target=\"_blank\" rel=\"noopener noreferrer\"><strong> demande<\/strong><\/a> en ligne avec tous les documents justificatifs demand\u00e9s.<\/p>\n<p>\u00c9tape 2 &#8211; Nous vous contacterons dans les 24 heures suivant le d\u00e9p\u00f4t de votre demande pour planifier un appel d\u2019entretien pour passer en revue le programme, les options de paiement et la discussion sur la prochaine \u00e9tape du processus.<\/p>\n<p>\u00c9tape 3- \u00a0Un paiement de 2800$ doivent\u00a0\u00eatre fait par cheque, carte de cr\u00e9dit ou e-transfer et le contract doivent \u00eatre signer<\/p>\n<p>\u00c9tape 4 &#8211; Vous serez mis en contact avec l&#8217;un de nos merveilleux conseillers de l&#8217;\u00e9quipe Pattes D\u2019Accompagnement. Si vous n&#8217;\u00eates pas approuv\u00e9 pour notre programme d&#8217;adoption, vos frais vous seront rembours\u00e9s \u00e0 100%.<\/p>\n<p>\u00c9tape 5 \u2013 Une fois le paiement est re\u00e7u, que la r\u00e9ception est compl\u00e9t\u00e9e et que le demandeur est approuv\u00e9, le \u00ab Contrat de candidature approuv\u00e9 par le demandeur \u00bb est envoy\u00e9 par courriel. Un fois les document sont renvoyer, signer et dater la recherche de chien commence aussit\u00f4t que possible.<\/p>\n<p>\u00c9tape 6 &#8211; Une \u00e9valuation sera programm\u00e9e avec l&#8217;un de nos \u00e9valuateurs de l&#8217;\u00e9quipe Pattes D\u2019Accompagnement au t\u00e9l\u00e9phone ou en personne, afin de d\u00e9terminer le type de chien qui vous convient.<\/p>\n<p>\u00c9tape 7 &#8211; Une fois que l&#8217;\u00e9valuateur d\u00e9finisse les crit\u00e8res de s\u00e9lection de votre chien, le processus de recherche d&#8217;adoption commence dans l\u2019intervalle de 2 semaines.<\/p>\n<p>\u00c9tape 8 &#8211; Une fois qu&#8217;un chien convenable est identifi\u00e9, nous travaillerons directement avec le parent de Rescue et Foster pour confirmer l&#8217;ad\u00e9quation. Les secours pr\u00e9f\u00e9reront peut-\u00eatre une interview t\u00e9l\u00e9phonique pour d\u00e9terminer le meilleur match permanent. Vous devrez peut-\u00eatre fournir des photos et \/ ou des vid\u00e9os de votre maison et des d\u00e9tails sur le lieu de r\u00e9sidence de votre nouveau chien adopt\u00e9. Certains demanderont une visite \u00e0 domicile. Chaque sauvetage avec lequel nous travaillons a des b\u00e9n\u00e9voles tr\u00e8s gentils, compatissants et d\u00e9vou\u00e9s. Les sauvetages ont des politiques organisationnelles ind\u00e9pendantes que nous suivons dans le meilleur int\u00e9r\u00eat de toutes les individus impliqu\u00e9s.<\/p>\n<p>\u00c9tape 9 &#8211; Avant l\u2019adoption officielle, une \u00e9valuation sera effectu\u00e9e pour confirmer le temp\u00e9rament. Le chien sera plac\u00e9 \u00e0 son domicile en permanence avec le demandeur le jour m\u00eame de l&#8217;adoption ou de la prise en charge pr\u00e9vue.<\/p>\n<p>\u00c9tape 10 &#8211; Apr\u00e8s un minimum de deux semaines d\u2019immobilisation pour le demandeur et son nouveau meilleur ami en permanence, l\u2019apprivoiseur et son nouveau chien devront suivre des cours de formation avec l\u2019un de nos entra\u00eeneurs agr\u00e9\u00e9s de votre r\u00e9gion. Vous serez inscrit pour des cours d&#8217;ob\u00e9issance de groupe et une fois que vous aurez r\u00e9ussi les cours d&#8217;ob\u00e9issance de groupe, vous serez inscrit pour des cours de formation avanc\u00e9e.<\/p>\n<p>\u00c9tape 11 &#8211; Une fois que votre chien est tr\u00e8s bien entra\u00een\u00e9 et pr\u00eat, l\u2019apprivoiseur sera inscrit au cours en ligne de formation en comp\u00e9tences pour chiens Th\u00e9rapie par les compagnons.<\/p>\n<p>\u00c9tape 12 &#8211; Une fois que vous avez r\u00e9ussi le cours en ligne de formation aux comp\u00e9tences compl\u00e9mentaires de la fondation LifeLine, le gestionnaire organisera une \u00e9valuation de temp\u00e9rament avec un \u00e9valuateur local de compagnons au plus tard 1 semaine avant l\u2019\u00e9valuation finale du chien de th\u00e9rapie Pattes D\u2019Accompagnement.<\/p>\n<p>\u00c9tape 13- Lorsqu&#8217;un candidat r\u00e9ussit l&#8217;\u00e9valuation de temp\u00e9rament, il avance \u00e0 la date pr\u00e9vue pour l&#8217;\u00e9valuation finale.<\/p>\n<p>\u00c9tape 14 &#8211; Lorsque l\u2019apprivoiseur et son chien r\u00e9ussissent l&#8217;\u00e9valuation finale de Pattes D&#8217;Accompagnement, la Fondation LifeLine Canada transmettra le document par courrier \u00e9lectronique, que l\u2019apprivoiseur devra ensuite remplir et la renvoyer par courrier \u00e9lectronique avec tous les documents justificatifs requis.<\/p>\n<p>\u00c9tape 15 &#8211; Une fois que tous les documents d\u2019inscriptions sont re\u00e7us, l\u2019apprivoiseur recevra par la poste un gilet brod\u00e9, une carte d\u2019identit\u00e9 et un certificat d\u2019inscription pour chien th\u00e9rapeutique, avec les mots Pattes D\u2019Accompagnement de la Fondation LifeLine Canada.<\/p>\n<p>\u00c9tape 16 &#8211; Continuez \u00e0 maintenir et \u00e0 suivre l&#8217;entra\u00eenement \u00e0 tout moment.<\/p>\n<p>\u00c9tape 17 &#8211; Effectuez un appel de suivi avec un conseiller de l\u2019\u00e9quipe Pattes D\u2019Accompagnement apr\u00e8s la certification, dans les trois mois.<\/p>\n<p>\u00c9tape 18 &#8211; Remplissez le formulaire de suivi en ligne tous les 6 mois.<\/p>\n<p>\u00c9tape 19 &#8211; Compl\u00e9tez toutes les exigences annuelles relatives \u00e0 l&#8217;enregistrement d&#8217;un chien de th\u00e9rapie assist\u00e9e par Pattes D\u2019Accompagnement y compris le renouvellement annuel de 95 $ et la r\u00e9\u00e9valuation annuelle. Le co\u00fbt de renouvellement annuel couvre le co\u00fbt de la r\u00e9\u00e9valuation annuelle.<\/p>\n<p>\u00c9tape 20 &#8211; Continuez l\u2019entra\u00eenement du chien tout au long de sa vie afin de maintenir un lien \u00e9patant.<\/p>\n<p><strong>Documents importants<\/strong><\/p>\n<p>Veuillez inclure une lettre indiquant la date, votre profession, le nom et l&#8217;adresse de votre lieu de travail et la t\u00e2che pr\u00e9vue de votre chien pendant la th\u00e9rapie assist\u00e9e.<\/p>\n<p>Si vous \u00eates locataire de maison, vous devez inclure la lettre d\u2019autorisation de votre propri\u00e9taire avec votre demande (il existe une section pour les t\u00e9l\u00e9chargements pendant le processus). Toute application comportant des informations manquantes ne sera pas examin\u00e9e.<\/p>\n<p><strong>Pourquoi avez-vous besoin de toutes ces informations?<\/strong><\/p>\n<p>Nous avons besoin des informations pour l&#8217;administration de notre programme d&#8217;adoption. Les informations peuvent \u00eatre utilis\u00e9es pour l&#8217;\u00e9valuation de l&#8217;adoption. Pour plus d&#8217;informations, veuillez lire notre <a href=\"https:\/\/thelifelinecanada.ca\/wp-content\/uploads\/2016\/09\/TLC-privacy-policy.pdf\" target=\"_blank\" rel=\"noopener noreferrer\"><strong>politique de confidentialit\u00e9.<\/strong><\/a><\/p>\n<p><strong>FAQ<\/strong><b><\/b><\/p>\n<p><strong>Qu&#8217;est-ce que c\u2019est la th\u00e9rapie assist\u00e9e par l&#8217;animal?<\/strong><\/p>\n<p>La th\u00e9rapie assist\u00e9e par l&#8217;animal est une th\u00e9rapie par laquelle les animaux sont utilis\u00e9s dans le traitement d&#8217;individus, que ce soit pour eux-m\u00eames ou pour autre. Notre programme Pattes D&#8217;Accompagnement fonctionne avec trois types de chiens th\u00e9rapeutiques; Chiens de th\u00e9rapie personnelle, chiens de th\u00e9rapie assist\u00e9e et chiens de th\u00e9rapie invit\u00e9s. Les chiens de th\u00e9rapie sont amicaux, patients, confiants, doux et \u00e0 l&#8217;aise dans diverses situations.<\/p>\n<p><strong>Qu&#8217;est-ce qu&#8217;un chien de th\u00e9rapie personnelle?<\/strong><\/p>\n<p>Un chien de th\u00e9rapie personnelle est un chien dress\u00e9, \u00e9valu\u00e9 et certifi\u00e9 qui apporte des avantages aux propri\u00e9taires \/ gestionnaires qui ont des probl\u00e8mes de sant\u00e9 mentale.<\/p>\n<p>Pour obtenir votre certification de chien de th\u00e9rapie personnelle, vous devez avoir en-t\u00eate une lettre de votre professionnel de la sant\u00e9 mentale actuel, avec la date, la signature, votre nom et les raisons pour lesquelles un chien de th\u00e9rapie vous serait b\u00e9n\u00e9fique. Pour le programme d&#8217;adoption de Pattes D&#8217;Accompagnement, vous devez \u00e9galement soumettre une lettre d&#8217;autorisation de votre propri\u00e9taire autorisant votre chien si vous n\u2019\u00eates pas propri\u00e9taire de votre maison.<\/p>\n<p><strong>Qu&#8217;est-ce qu&#8217;un chien de th\u00e9rapie en visite?<\/strong><\/p>\n<p>En g\u00e9n\u00e9ral, les chiens de th\u00e9rapie circulent dans des h\u00f4pitaux, des \u00e9coles, des asiles, des maisons de retraite et plus encore. En contraste avec les chiens d&#8217;assistance, les chiens de th\u00e9rapie sont encourag\u00e9s \u00e0 interagir avec une vari\u00e9t\u00e9 de personnes pendant leur service, y compris recevoir des caresses.<\/p>\n<p>Les chiens de th\u00e9rapie en visite peuvent \u00e9galement visiter des \u00e9coles, des garderies, des foyers de groupe et des centres de r\u00e9\u00e9ducation. Leurs r\u00f4les varient, certains donnent aux enfants handicap\u00e9s la confiance n\u00e9cessaire pour lire \u00e0 haute voix, en passant par la participation active \u00e0 une th\u00e9rapie de r\u00e9adaptation physique. Dans certains cas, un chien de th\u00e9rapie travaillera exclusivement dans un \u00e9tablissement, tel qu&#8217;un cabinet de psychoth\u00e9rapie.<\/p>\n<p><strong>Qu&#8217;est-ce qu&#8217;un chien de th\u00e9rapie assist\u00e9e?<\/strong><\/p>\n<p>Les chiens de th\u00e9rapie assist\u00e9e sont des chiens dress\u00e9s, test\u00e9s et certifi\u00e9s qui accompagnent leur ma\u00eetre \/ propri\u00e9taire (g\u00e9n\u00e9ralement des \u00e9ducateurs, des enseignants, des psychologues, des conseillers et des m\u00e9decins) sur leur lieu de travail pour aider leurs \u00e9tudiants, clients, clients et \/ ou patients.<\/p>\n<p><strong>Quels sont les avantages d&#8217;un chien de th\u00e9rapie?<\/strong><\/p>\n<p>Les chiens de th\u00e9rapie sont form\u00e9s et test\u00e9s dans l&#8217;ob\u00e9issance de compagnon de th\u00e9rapie. L&#8217;interaction avec un animal de compagnie th\u00e9rapeutique procure des avantages th\u00e9rapeutiques, motivationnels, \u00e9ducatifs et r\u00e9cr\u00e9atifs pour am\u00e9liorer la qualit\u00e9 de vie. Les chiens de th\u00e9rapie aident les personnes atteintes de divers handicaps mentaux et \u00e9motionnels allant du tr\u00e8s s\u00e9v\u00e8res au peu perceptibles. Ceux-ci peuvent inclure le stress, la d\u00e9pression, l&#8217;anxi\u00e9t\u00e9, les troubles de la personnalit\u00e9, les troubles d&#8217;anxi\u00e9t\u00e9 sociale et bien plus encore.<\/p>\n<p><strong>Qu&#8217;est-ce que le programme d&#8217;adoption de Pattes D&#8217;Accompagnement?<\/strong><\/p>\n<p>Pattes D&#8217;Accompagnement Adoption est un programme d\u00e9di\u00e9 \u00e0 aider les Canadiens dans le besoin tout en offrant une deuxi\u00e8me chance aux animaux de compagnie en les sauvant, en les associant et en les formant avec ceux qui b\u00e9n\u00e9ficieraient d&#8217;un animal de compagnie (personnel) ou de ceux qui travaillaient avec la pr\u00e9sence d&#8217;un animal de th\u00e9rapie (assist\u00e9).<\/p>\n<p><strong>Combien co\u00fbte le programme?<\/strong><\/p>\n<p>Le programme complet co\u00fbte 4800$ et comprend la recherche, l\u2019adoption, les dossiers m\u00e9dicaux, la st\u00e9rilisation, la formation d&#8217;ob\u00e9issance, le perfectionnement, l&#8217;\u00e9valuation du temp\u00e9rament, l&#8217;\u00e9valuation finale, le gilet officiel du Pattes D&#8217;Accompagnement, la carte d&#8217;identit\u00e9, le certificat d&#8217;enregistrement et un soutien continu \u00e0 la vie du chien de th\u00e9rapie personnelle Pattes D&#8217;Accompagnement, adopt\u00e9 et enregistr\u00e9.<\/p>\n<p><strong>Est-ce le seul programme au Canada qui s\u2019occupe des Personal Therapy Dogs?<\/strong><\/p>\n<p>Oui. Les programmes d\u2019adoption et de certification des chiens de th\u00e9rapie personnelle et assist\u00e9e pour chiens de la Fondation LifeLine Canada sont uniques et le premier de ce genre au Canada.<\/p>\n<p><strong>Quelles sont les directives d&#8217;un chien de th\u00e9rapie assist\u00e9e par adoption Pattes D&#8217;Accompagnement?<\/strong><\/p>\n<p>Nos directives strictes incluent; un temp\u00e9rament calme, amical et affectueux avec tous les adultes, enfants et animaux, une bonne sant\u00e9, non agressif, 20-50 livres, un minimum de 1,5 ans et st\u00e9rilis\u00e9. Nous d\u00e9veloppons des crit\u00e8res et des directives sur une base individuelle pour les besoins de la th\u00e9rapie assist\u00e9e.<\/p>\n<p><strong>Le programme d\u2019adoption de TLC \u00ab\u00a0Companion Paws\u00a0\u00bb est-il disponible partout au Canada?<\/strong><\/p>\n<p>Oui, le programme d&#8217;adoption de chiens de th\u00e9rapie personnelle et assist\u00e9e Pattes D&#8217;Accompagnement est offert partout au Canada et partout dans le monde.<\/p>\n<p><strong>Combien de temps faut-il pour obtenir un chien d&#8217;adoption Pattes D&#8217;Accompagnement?<\/strong><\/p>\n<p>Le processus d\u2019adoption commence dans les deux semaines suivant le d\u00e9p\u00f4t de la demande. Nous chercherons jusqu&#8217;\u00e0 ce qu&#8217;un chien appropri\u00e9 ait \u00e9t\u00e9 trouv\u00e9 pour vous. Cela peut prendre entre 2 semaines, 3 mois ou plus. Cela d\u00e9pend des chiens disponibles dans les op\u00e9rations de sauvetage dans un rayon de 100 km de votre lieu de r\u00e9sidence au moment o\u00f9 nous commen\u00e7ons la recherche. Les recherches peuvent aller au-del\u00e0 des 100 kilom\u00e8tres, selon les besoins.<\/p>\n<p><strong>D&#8217;o\u00f9 adoptez-vous les chiens de th\u00e9rapie Pattes D&#8217;Accompagnement?<\/strong><\/p>\n<p>Nous les adoptons des sauvetages et des refuges \u00e0 travers le Canada. Notre programme d\u2019adoption Pattes D&#8217;Accompagnement se voue \u00e0 la recherche et \u00e0 l\u2019adoption de sauvetages dans un rayon de 100 kilom\u00e8tres de votre lieu de r\u00e9sidence pour soutenir les sauvetages locaux \u00e0 travers le pays.<\/p>\n<p><strong>O\u00f9 se d\u00e9roulera la formation des chiens d&#8217;adoption de Pattes D&#8217;Accompagnement?<\/strong><\/p>\n<p>La formation sera programm\u00e9e avec un formateur exp\u00e9riment\u00e9 et local.<\/p>\n<p><strong>Une fois que j&#8217;ai mon chien de th\u00e9rapie assist\u00e9e, continuerez-vous \u00e0 m&#8217;aider si j&#8217;en ai besoin?<\/strong><\/p>\n<p>Nous sommes toujours ici pour soutenir tous nos chiens de th\u00e9rapie Pattes D&#8217;Accompagnement et leurs gestionnaires \/ propri\u00e9taires tant qu&#8217;ils font partie du programme Pattes D&#8217;Accompagnement.<\/p>\n<p><strong>Qu&#8217;est-ce qui fait un bon chien de th\u00e9rapie assist\u00e9e?<\/strong><\/p>\n<ul>\n<li>Temp\u00e9rament calme.<\/li>\n<li>Discipline tr\u00e8s bien form\u00e9e.<\/li>\n<li>Tr\u00e8s amical.<\/li>\n<li>Id\u00e9al avec les gens de tout \u00e2ge et non agressif envers les gens ou les autres chiens.<\/li>\n<li>Propre et en bonne sant\u00e9 avec les vaccins courants.<\/li>\n<li>L&#8217;\u00e2ge minimum du chien est de 1,5 ans<\/li>\n<li>S\u00fbr de soi<\/li>\n<li>Ni timide ni craintif<\/li>\n<\/ul>\n<p>Pour \u00eatre qualifi\u00e9 de chien de th\u00e9rapie, le chien doit avoir un dossier m\u00e9dical mis \u00e0 jour de son v\u00e9t\u00e9rinaire et ne doit pas \u00eatre agressif envers les personnes ou les autres chiens (y compris les chiens m\u00e2les non st\u00e9rilis\u00e9s).<\/p>\n<p><strong>Fournissez-vous une formation?<\/strong><\/p>\n<p>Nous facilitons la formation de chien Obedience \/ Manners ainsi que la formation avanc\u00e9e pour les clients de notre programme d&#8217;adoption de chiens de th\u00e9rapie Pattes D&#8217;Accompagnement.<\/p>\n<p><strong>Y a-t-il eu des adoptions qui n&#8217;ont pas pass\u00e9 la certification?<\/strong><\/p>\n<p>Choisir le bon temp\u00e9rament est la cl\u00e9. Les comportements peuvent \u00eatre form\u00e9s. Tous les chiens Pattes D&#8217;Accompagnement choisis seront li\u00e9s \u00e0 un entra\u00eenement continu. Cela cr\u00e9e et construit un lien fort \u00e0 vie. Nous n&#8217;avons eu aucune adoption qui n&#8217;a pas r\u00e9ussi l&#8217;\u00e9valuation finale de la certification. Si, \u00e0 un moment quelconque, le chien et son ma\u00eetre ne sont pas pr\u00eats pour la certification, nous continuons simplement \u00e0 travailler sur ces comportements jusqu&#8217;\u00e0 cette \u00e9quipe soit pr\u00eate \u00e0 continuer. Nous sommes disponibles tout au long du chemin de la pr\u00e9paration. Pour r\u00e9ussir, l\u2019apprivoiseur doit continuer \u00e0 s&#8217;entra\u00eener pendant toute la vie du chien.<\/p>\n<p><strong>Que comprend l&#8217;\u00e9valuation finale?<\/strong><\/p>\n<p>L&#8217;\u00e9valuation finale comprend plus de 17 tests. Les chiens doivent r\u00e9ussir 100% du test.<\/p>\n<p>R\u00e9sum\u00e9 de l&#8217;\u00e9valuation finale:<\/p>\n<ul>\n<li>Accepter un inconnu amical<\/li>\n<li>Assis calmement pour recevoir la caresse et faire la connaissance d\u2019un inconnu<\/li>\n<li>Sortir pour une promenade (marcher en laisse \u00e9troite)<\/li>\n<li>Marcher dans une foule<\/li>\n<li>Asseyez-vous et descendez sur commande (rester au m\u00eame endroit)<\/li>\n<li>Venir quand appel\u00e9<\/li>\n<li>R\u00e9action \u00e0 un autre chien<\/li>\n<li>R\u00e9actions aux distractions x 2<\/li>\n<li>R\u00e9action \u00e0 l&#8217;\u00e9quipement m\u00e9dical x 2<\/li>\n<li>Laisse-le x 2<\/li>\n<li>Apprivoisement canin<\/li>\n<li>S\u00e9paration supervis\u00e9e (dur\u00e9e &#8211; une minute)<\/li>\n<li>Salutation<\/li>\n<li>Toilette et apparence<\/li>\n<\/ul>\n<p><strong>Quelles lois prot\u00e8gent les chiens de th\u00e9rapie et leurs ma\u00eetres?<\/strong><\/p>\n<p>Les animaux de compagnie th\u00e9rapeutiques NE partagent PAS les droits d&#8217;acc\u00e8s public accord\u00e9s aux animaux de compagnie de service et peuvent se voir refuser l&#8217;acc\u00e8s aux lieux publics. Les animaux de compagnie Pattes D&#8217;Accompagnement ne b\u00e9n\u00e9ficient pas de privil\u00e8ges sp\u00e9ciaux autres que ceux accord\u00e9s \u00e0 un autre animal dans les lieux publics, dans les transports en commun ou dans des b\u00e2timents priv\u00e9s, tels que des immeubles \u00e0 appartements o\u00f9 la garde d&#8217;animaux de compagnie est restreinte ou interdite. Certaines compagnies a\u00e9riennes autoriseront les petits chiens d\u2019appui \u00e0 voler dans la cabine s\u2019ils voyagent dans un transporteur aux pieds du voyageur.<\/p>\n<p><strong>Comment les normes \u00ab\u00a0Companion Paws\u00a0\u00bbse comparent-elles aux autres organisations?<\/strong><\/p>\n<p>Pattes D&#8217;Accompagnement\u00a0utilise les normes les plus strictes disponibles.<\/p>\n<p><strong>Pourquoi n&#8217;ai-je jamais entendu parler du programme Pattes D&#8217;Accompagnement?<\/strong><\/p>\n<p>Pattes D&#8217;Accompagnement est un nouveau programme qui a d\u00e9but\u00e9 \u00e0 la fin de 2017 et il est le premier du genre au Canada pour la th\u00e9rapie personnelle et assist\u00e9e.<\/p>\n<p><strong>Y a-t-il des frais annuels pour les chiens de th\u00e9rapie Pattes D&#8217;Accompagnement?<\/strong><\/p>\n<p>Oui, les frais d&#8217;inscription annuels est 110$ pour tous les chiens de th\u00e9rapie Pattes D&#8217;Accompagnement et comprennent une \u00e9valuation annuelle du temp\u00e9rament.<\/p>\n<p><strong>Dois-je repasser une \u00e9valuation au cours de la vie du chien de th\u00e9rapie certifi\u00e9 Pattes D&#8217;Accompagnement?<\/strong><\/p>\n<p>En tant que membre certifi\u00e9 de Pattes D&#8217;Accompagnement, vous devrez repasser une \u00e9valuation et \/ ou une \u00e9valuation de temp\u00e9rament, au moment du renouvellement ou \u00e0 la discr\u00e9tion de La Fondation LifeLine Canada, si des pr\u00e9occupations potentielles se pr\u00e9sentent. La taxe de renouvellement inclut la r\u00e9\u00e9valuation.<\/p>\n<p><strong>Avez-vous une lecture recommand\u00e9e sur la formation de chien?<\/strong><\/p>\n<p>Nous aimons le livre \u201cHow to Speak Dog\u201d de Stanley Coren<\/p>\n<p><strong>Comment puis-je vous contacter si j&#8217;ai d&#8217;autres questions sur le programme Pattes D&#8217;Accompagnement?<\/strong><\/p>\n<p>Pour d\u2019autres questions sur le programme Pattes D&#8217;Accompagnement, n\u2019h\u00e9sitez pas \u00e0 nous contacter \u00e0 tout moment \u00e0 admin@thelifelinecanada.ca<\/p>\n","protected":false},"excerpt":{"rendered":"","protected":false},"author":3,"featured_media":0,"parent":0,"menu_order":0,"comment_status":"closed","ping_status":"closed","template":"","meta":{"footnotes":"","_links_to":"","_links_to_target":""},"_links":{"self":[{"href":"https:\/\/companionpaws.ca\/fr\/wp-json\/wp\/v2\/pages\/17"}],"collection":[{"href":"https:\/\/companionpaws.ca\/fr\/wp-json\/wp\/v2\/pages"}],"about":[{"href":"https:\/\/companionpaws.ca\/fr\/wp-json\/wp\/v2\/types\/page"}],"author":[{"embeddable":true,"href":"https:\/\/companionpaws.ca\/fr\/wp-json\/wp\/v2\/users\/3"}],"replies":[{"embeddable":true,"href":"https:\/\/companionpaws.ca\/fr\/wp-json\/wp\/v2\/comments?post=17"}],"version-history":[{"count":8,"href":"https:\/\/companionpaws.ca\/fr\/wp-json\/wp\/v2\/pages\/17\/revisions"}],"predecessor-version":[{"id":5435,"href":"https:\/\/companionpaws.ca\/fr\/wp-json\/wp\/v2\/pages\/17\/revisions\/5435"}],"wp:attachment":[{"href":"https:\/\/companionpaws.ca\/fr\/wp-json\/wp\/v2\/media?parent=17"}],"curies":[{"name":"wp","href":"https:\/\/api.w.org\/{rel}","templated":true}]}}